{"id":1923,"date":"2025-02-14T15:52:39","date_gmt":"2025-02-14T13:52:39","guid":{"rendered":"https:\/\/www.belgibo.it\/qui-nous-sommes\/"},"modified":"2026-01-19T15:53:30","modified_gmt":"2026-01-19T13:53:30","slug":"qui-nous-sommes","status":"publish","type":"page","link":"https:\/\/www.belgibo.it\/fr\/qui-nous-sommes\/","title":{"rendered":"Qui nous sommes"},"content":{"rendered":"\t\t<div data-elementor-type=\"wp-page\" data-elementor-id=\"1923\" class=\"elementor elementor-1923 elementor-487\" data-elementor-post-type=\"page\">\n\t\t\t\t<div class=\"elementor-element elementor-element-572c599 e-con-full e-flex wpr-particle-no wpr-jarallax-no wpr-parallax-no wpr-sticky-section-no e-con e-parent\" data-id=\"572c599\" data-element_type=\"container\" data-settings=\"{&quot;background_background&quot;:&quot;classic&quot;}\">\n\t\t<div class=\"elementor-element elementor-element-5f702e6 e-con-full e-flex wpr-particle-no wpr-jarallax-no wpr-parallax-no wpr-sticky-section-no e-con e-child\" data-id=\"5f702e6\" data-element_type=\"container\">\n\t\t<div class=\"elementor-element elementor-element-b0e9ec1 e-con-full e-flex wpr-particle-no wpr-jarallax-no wpr-parallax-no wpr-sticky-section-no e-con e-child\" data-id=\"b0e9ec1\" data-element_type=\"container\" data-settings=\"{&quot;animation&quot;:&quot;none&quot;}\">\n\t\t\t\t<div class=\"elementor-element elementor-element-fe3a562 elementor-widget__width-initial elementor-invisible elementor-widget elementor-widget-image\" data-id=\"fe3a562\" data-element_type=\"widget\" data-settings=\"{&quot;_animation&quot;:&quot;fadeInLeft&quot;}\" data-widget_type=\"image.default\">\n\t\t\t\t<div class=\"elementor-widget-container\">\n\t\t\t\t\t\t\t\t\t\t\t\t\t\t\t<img fetchpriority=\"high\" decoding=\"async\" width=\"800\" height=\"871\" src=\"https:\/\/www.belgibo.it\/wp-content\/uploads\/2025\/02\/andrea-francesca-giardino-oleandri-941x1024.png\" class=\"attachment-large size-large wp-image-1924\" alt=\"Andrea Bonaccini et Francesca Reali souriants dans le jardin parmi les lauriers-roses\" srcset=\"https:\/\/www.belgibo.it\/wp-content\/uploads\/2025\/02\/andrea-francesca-giardino-oleandri-941x1024.png 941w, https:\/\/www.belgibo.it\/wp-content\/uploads\/2025\/02\/andrea-francesca-giardino-oleandri-276x300.png 276w, https:\/\/www.belgibo.it\/wp-content\/uploads\/2025\/02\/andrea-francesca-giardino-oleandri-768x836.png 768w, https:\/\/www.belgibo.it\/wp-content\/uploads\/2025\/02\/andrea-francesca-giardino-oleandri-1412x1536.png 1412w, https:\/\/www.belgibo.it\/wp-content\/uploads\/2025\/02\/andrea-francesca-giardino-oleandri-1882x2048.png 1882w\" sizes=\"(max-width: 800px) 100vw, 800px\" \/>\t\t\t\t\t\t\t\t\t\t\t\t\t\t\t<\/div>\n\t\t\t\t<\/div>\n\t\t\t\t<\/div>\n\t\t<div class=\"elementor-element elementor-element-0e6fb68 e-con-full e-flex wpr-particle-no wpr-jarallax-no wpr-parallax-no wpr-sticky-section-no elementor-invisible e-con e-child\" data-id=\"0e6fb68\" data-element_type=\"container\" data-settings=\"{&quot;animation&quot;:&quot;fadeInRight&quot;}\">\n\t\t\t\t<div class=\"elementor-element elementor-element-9ac384d elementor-widget elementor-widget-text-editor\" data-id=\"9ac384d\" data-element_type=\"widget\" data-widget_type=\"text-editor.default\">\n\t\t\t\t<div class=\"elementor-widget-container\">\n\t\t\t\t\t\t\t\t\t<p>qui nous sommes<\/p>\t\t\t\t\t\t\t\t<\/div>\n\t\t\t\t<\/div>\n\t\t\t\t<div class=\"elementor-element elementor-element-8a7b763 elementor-widget elementor-widget-heading\" data-id=\"8a7b763\" data-element_type=\"widget\" data-widget_type=\"heading.default\">\n\t\t\t\t<div class=\"elementor-widget-container\">\n\t\t\t\t\t<h1 class=\"elementor-heading-title elementor-size-default\">Andrea &amp; Francesca<\/h1>\t\t\t\t<\/div>\n\t\t\t\t<\/div>\n\t\t\t\t<div class=\"elementor-element elementor-element-f7bd415 elementor-widget-divider--view-line elementor-widget elementor-widget-divider\" data-id=\"f7bd415\" data-element_type=\"widget\" data-widget_type=\"divider.default\">\n\t\t\t\t<div class=\"elementor-widget-container\">\n\t\t\t\t\t\t\t<div class=\"elementor-divider\">\n\t\t\t<span class=\"elementor-divider-separator\">\n\t\t\t\t\t\t<\/span>\n\t\t<\/div>\n\t\t\t\t\t\t<\/div>\n\t\t\t\t<\/div>\n\t\t\t\t<div class=\"elementor-element elementor-element-d7fde38 elementor-widget elementor-widget-text-editor\" data-id=\"d7fde38\" data-element_type=\"widget\" data-widget_type=\"text-editor.default\">\n\t\t\t\t<div class=\"elementor-widget-container\">\n\t\t\t\t\t\t\t\t\t<strong>Andrea Bonaccini<\/strong> et <strong>Francesca Reali<\/strong> sont les propri\u00e9taires de la structure d&rsquo;h\u00e9bergement \u00ab Appartamenti <span class=\"no-break\">Bel Gi Bo<\/span> \u00bb, une r\u00e9alit\u00e9 qui se distingue par l&rsquo;hospitalit\u00e9 et le confort. Ils travaillent chaque jour avec engagement et passion pour faire sentir leurs clients comme chez eux. \t\t\t\t\t\t\t\t<\/div>\n\t\t\t\t<\/div>\n\t\t<div class=\"elementor-element elementor-element-3b51c83 e-con-full e-flex wpr-particle-no wpr-jarallax-no wpr-parallax-no wpr-sticky-section-no e-con e-child\" data-id=\"3b51c83\" data-element_type=\"container\">\n\t\t<div class=\"elementor-element elementor-element-ec66504 e-con-full e-flex wpr-particle-no wpr-jarallax-no wpr-parallax-no wpr-sticky-section-no e-con e-child\" data-id=\"ec66504\" data-element_type=\"container\">\n\t\t\t\t<div class=\"elementor-element elementor-element-1776898 elementor-widget elementor-widget-heading\" data-id=\"1776898\" data-element_type=\"widget\" data-widget_type=\"heading.default\">\n\t\t\t\t<div class=\"elementor-widget-container\">\n\t\t\t\t\t<h3 class=\"elementor-heading-title elementor-size-default\">Francesca Reali<\/h3>\t\t\t\t<\/div>\n\t\t\t\t<\/div>\n\t\t\t\t<\/div>\n\t\t<div class=\"elementor-element elementor-element-404e237 e-con-full e-flex wpr-particle-no wpr-jarallax-no wpr-parallax-no wpr-sticky-section-no e-con e-child\" data-id=\"404e237\" data-element_type=\"container\">\n\t\t\t\t<div class=\"elementor-element elementor-element-2604e6e elementor-widget elementor-widget-text-editor\" data-id=\"2604e6e\" data-element_type=\"widget\" data-widget_type=\"text-editor.default\">\n\t\t\t\t<div class=\"elementor-widget-container\">\n\t\t\t\t\t\t\t\t\t<p>Propri\u00e9taire<\/p>\t\t\t\t\t\t\t\t<\/div>\n\t\t\t\t<\/div>\n\t\t\t\t<\/div>\n\t\t\t\t<\/div>\n\t\t\t\t<div class=\"elementor-element elementor-element-02dea4c elementor-widget elementor-widget-image\" data-id=\"02dea4c\" data-element_type=\"widget\" data-widget_type=\"image.default\">\n\t\t\t\t<div class=\"elementor-widget-container\">\n\t\t\t\t\t\t\t\t\t\t\t\t\t\t\t<img decoding=\"async\" width=\"440\" height=\"53\" src=\"https:\/\/www.belgibo.it\/wp-content\/uploads\/2025\/02\/francesca-reali-firma.png\" class=\"attachment-large size-large wp-image-1925\" alt=\"Signature autographe de Francesca Reali en noir sur fond transparent\" srcset=\"https:\/\/www.belgibo.it\/wp-content\/uploads\/2025\/02\/francesca-reali-firma.png 440w, https:\/\/www.belgibo.it\/wp-content\/uploads\/2025\/02\/francesca-reali-firma-300x36.png 300w\" sizes=\"(max-width: 440px) 100vw, 440px\" \/>\t\t\t\t\t\t\t\t\t\t\t\t\t\t\t<\/div>\n\t\t\t\t<\/div>\n\t\t\t\t<\/div>\n\t\t\t\t<\/div>\n\t\t\t\t<\/div>\n\t\t\t\t<\/div>\n\t\t","protected":false},"excerpt":{"rendered":"<p>qui nous sommes Andrea &amp; Francesca Andrea Bonaccini et Francesca Reali sont les propri\u00e9taires de la structure d&rsquo;h\u00e9bergement \u00ab Appartamenti Bel Gi Bo \u00bb, une r\u00e9alit\u00e9 qui se distingue par l&rsquo;hospitalit\u00e9 et le confort. Ils travaillent chaque jour avec engagement et passion pour faire sentir leurs clients comme chez eux. Francesca Reali Propri\u00e9taire<\/p>\n","protected":false},"author":1,"featured_media":0,"parent":0,"menu_order":0,"comment_status":"closed","ping_status":"closed","template":"","meta":{"footnotes":""},"class_list":["post-1923","page","type-page","status-publish","hentry"],"aioseo_notices":[],"_links":{"self":[{"href":"https:\/\/www.belgibo.it\/fr\/wp-json\/wp\/v2\/pages\/1923","targetHints":{"allow":["GET"]}}],"collection":[{"href":"https:\/\/www.belgibo.it\/fr\/wp-json\/wp\/v2\/pages"}],"about":[{"href":"https:\/\/www.belgibo.it\/fr\/wp-json\/wp\/v2\/types\/page"}],"author":[{"embeddable":true,"href":"https:\/\/www.belgibo.it\/fr\/wp-json\/wp\/v2\/users\/1"}],"replies":[{"embeddable":true,"href":"https:\/\/www.belgibo.it\/fr\/wp-json\/wp\/v2\/comments?post=1923"}],"version-history":[{"count":1,"href":"https:\/\/www.belgibo.it\/fr\/wp-json\/wp\/v2\/pages\/1923\/revisions"}],"predecessor-version":[{"id":1927,"href":"https:\/\/www.belgibo.it\/fr\/wp-json\/wp\/v2\/pages\/1923\/revisions\/1927"}],"wp:attachment":[{"href":"https:\/\/www.belgibo.it\/fr\/wp-json\/wp\/v2\/media?parent=1923"}],"curies":[{"name":"wp","href":"https:\/\/api.w.org\/{rel}","templated":true}]}}