{"id":1977,"date":"2025-01-16T10:30:25","date_gmt":"2025-01-16T08:30:25","guid":{"rendered":"https:\/\/www.belgibo.it\/politique-de-confidentialite\/"},"modified":"2026-01-19T16:08:10","modified_gmt":"2026-01-19T14:08:10","slug":"politique-de-confidentialite","status":"publish","type":"page","link":"https:\/\/www.belgibo.it\/fr\/politique-de-confidentialite\/","title":{"rendered":"Politique de confidentialit\u00e9"},"content":{"rendered":"\n<h2 class=\"wp-block-heading\">Qui nous sommes<\/h2>\n\n<p>L&rsquo;adresse de notre site web est : <a href=\"https:\/\/www.belgibo.it\/fr\/\">https:\/\/www.belgibo.it<\/a><\/p>\n\n<h2 class=\"wp-block-heading\">Commentaires<\/h2>\n\n<p>Lorsque les visiteurs laissent des commentaires sur le site, nous collectons les donn\u00e9es affich\u00e9es dans le formulaire de commentaires, ainsi que l&rsquo;adresse IP du visiteur et la cha\u00eene d&rsquo;agent utilisateur du navigateur pour aider \u00e0 la d\u00e9tection de spam.<\/p>\n\n<p>Une cha\u00eene anonymis\u00e9e cr\u00e9\u00e9e \u00e0 partir de ton adresse e-mail (\u00e9galement appel\u00e9e hash) peut \u00eatre fournie au service Gravatar pour voir si tu l&rsquo;utilises. La politique de confidentialit\u00e9 du service Gravatar est disponible ici : https:\/\/automattic.com\/privacy\/. Apr\u00e8s approbation de ton commentaire, ta photo de profil est visible du public dans le contexte de ton commentaire. <\/p>\n\n<h2 class=\"wp-block-heading\">M\u00e9dias<\/h2>\n\n<p>Si tu t\u00e9l\u00e9charges des images sur le site web, tu devrais \u00e9viter de t\u00e9l\u00e9charger des images avec des donn\u00e9es de localisation int\u00e9gr\u00e9es (EXIF GPS) incluses. Les visiteurs du site web peuvent t\u00e9l\u00e9charger et extraire toutes les donn\u00e9es de localisation des images sur le site web. <\/p>\n\n<h2 class=\"wp-block-heading\">Cookies<\/h2>\n\n<p>Si tu laisses un commentaire sur notre site, tu peux choisir d&rsquo;enregistrer ton nom, ton adresse e-mail et ton site web dans des cookies. Ceux-ci sont pour ta commodit\u00e9 afin que tu n&rsquo;aies pas \u00e0 remplir tes d\u00e9tails \u00e0 nouveau lorsque tu laisses un autre commentaire. Ces cookies dureront un an.  <\/p>\n\n<p>Si tu visites notre page de connexion, nous d\u00e9finirons un cookie temporaire pour d\u00e9terminer si ton navigateur accepte les cookies. Ce cookie ne contient aucune donn\u00e9e personnelle et est supprim\u00e9 lorsque tu fermes ton navigateur. <\/p>\n\n<p>Lorsque tu te connectes, nous configurerons \u00e9galement plusieurs cookies pour sauvegarder tes informations de connexion et tes choix d&rsquo;affichage d&rsquo;\u00e9cran. Les cookies de connexion durent deux jours, et les cookies d&rsquo;options d&rsquo;\u00e9cran durent un an. Si tu s\u00e9lectionnes \u00ab Se souvenir de moi \u00bb, ta connexion persistera pendant deux semaines. Si tu te d\u00e9connectes de ton compte, les cookies de connexion seront supprim\u00e9s.   <\/p>\n\n<p>Si tu modifies ou publies un article, un cookie suppl\u00e9mentaire sera sauvegard\u00e9 dans ton navigateur. Ce cookie n&rsquo;inclut aucune donn\u00e9e personnelle et indique simplement l&rsquo;ID de l&rsquo;article que tu viens de modifier. Il expire apr\u00e8s 1 jour.  <\/p>\n\n<h2 class=\"wp-block-heading\">Contenu int\u00e9gr\u00e9 d&rsquo;autres sites web<\/h2>\n\n<p>Les articles sur ce site peuvent inclure du contenu int\u00e9gr\u00e9 (par exemple des vid\u00e9os, images, articles, etc.). Le contenu int\u00e9gr\u00e9 d&rsquo;autres sites web se comporte exactement de la m\u00eame mani\u00e8re que si le visiteur avait visit\u00e9 l&rsquo;autre site web. <\/p>\n\n<p>Ces sites web peuvent collecter des donn\u00e9es sur toi, utiliser des cookies, int\u00e9grer un suivi tiers suppl\u00e9mentaire, et surveiller ton interaction avec ce contenu int\u00e9gr\u00e9, y compris le suivi de ton interaction avec le contenu int\u00e9gr\u00e9 si tu as un compte et es connect\u00e9 \u00e0 ce site web.<\/p>\n\n<h2 class=\"wp-block-heading\">Avec qui nous partageons tes donn\u00e9es<\/h2>\n\n<p>Si tu demandes une r\u00e9initialisation de mot de passe, ton adresse IP sera incluse dans l&rsquo;e-mail de r\u00e9initialisation.<\/p>\n\n<h2 class=\"wp-block-heading\">Combien de temps nous conservons tes donn\u00e9es<\/h2>\n\n<p>Si tu laisses un commentaire, le commentaire et ses m\u00e9tadonn\u00e9es sont conserv\u00e9s ind\u00e9finiment. C&rsquo;est pour que nous puissions reconna\u00eetre et approuver automatiquement tous les commentaires de suivi au lieu de les maintenir dans une file d&rsquo;attente de mod\u00e9ration. <\/p>\n\n<p>Pour les utilisateurs qui s&rsquo;inscrivent sur notre site web (le cas \u00e9ch\u00e9ant), nous stockons \u00e9galement les informations personnelles qu&rsquo;ils fournissent dans leur profil utilisateur. Tous les utilisateurs peuvent voir, modifier ou supprimer leurs informations personnelles \u00e0 tout moment (sauf qu&rsquo;ils ne peuvent pas changer leur nom d&rsquo;utilisateur). Les administrateurs du site web peuvent \u00e9galement voir et modifier ces informations.  <\/p>\n\n<h2 class=\"wp-block-heading\">Quels droits tu as sur tes donn\u00e9es<\/h2>\n\n<p>Si tu as un compte sur ce site, ou as laiss\u00e9 des commentaires, tu peux demander \u00e0 recevoir un fichier export\u00e9 des donn\u00e9es personnelles que nous d\u00e9tenons sur toi, y compris toutes les donn\u00e9es que tu nous as fournies. Tu peux \u00e9galement demander que nous effacions toutes les donn\u00e9es personnelles que nous d\u00e9tenons sur toi. Cela n&rsquo;inclut pas les donn\u00e9es que nous sommes oblig\u00e9s de conserver \u00e0 des fins administratives, l\u00e9gales ou de s\u00e9curit\u00e9.  <\/p>\n\n<h2 class=\"wp-block-heading\">O\u00f9 tes donn\u00e9es sont envoy\u00e9es<\/h2>\n\n<p>Les commentaires des visiteurs peuvent \u00eatre v\u00e9rifi\u00e9s par un service automatis\u00e9 de d\u00e9tection de spam.<\/p>\n","protected":false},"excerpt":{"rendered":"<p>Qui nous sommes L&rsquo;adresse de notre site web est : https:\/\/www.belgibo.it Commentaires Lorsque les visiteurs laissent des commentaires sur le site, nous collectons les donn\u00e9es affich\u00e9es dans le formulaire de commentaires, ainsi que l&rsquo;adresse IP du visiteur et la cha\u00eene d&rsquo;agent utilisateur du navigateur pour aider \u00e0 la d\u00e9tection de spam. Une cha\u00eene anonymis\u00e9e cr\u00e9\u00e9e \u00e0 partir de ton adresse e-mail (\u00e9galement appel\u00e9e hash) peut \u00eatre fournie au service Gravatar pour voir si tu l&rsquo;utilises. La politique de confidentialit\u00e9 du service Gravatar est disponible ici : https:\/\/automattic.com\/privacy\/. Apr\u00e8s approbation de ton commentaire, ta photo de profil est visible du public dans le contexte de ton commentaire. M\u00e9dias Si tu t\u00e9l\u00e9charges des images sur le site web, tu devrais \u00e9viter de t\u00e9l\u00e9charger des images avec des donn\u00e9es de localisation int\u00e9gr\u00e9es (EXIF GPS) incluses. Les visiteurs du site web peuvent t\u00e9l\u00e9charger et extraire toutes les donn\u00e9es de localisation des images sur le site web. Cookies Si tu laisses un commentaire sur notre site, tu peux choisir d&rsquo;enregistrer ton nom, ton adresse e-mail et ton site web dans des cookies. Ceux-ci sont pour ta commodit\u00e9 afin que tu n&rsquo;aies pas \u00e0 remplir tes d\u00e9tails \u00e0 nouveau lorsque tu laisses un autre commentaire. Ces cookies dureront un an. Si tu visites notre page de connexion, nous d\u00e9finirons un cookie temporaire pour d\u00e9terminer si ton navigateur accepte les cookies. Ce cookie ne contient aucune donn\u00e9e personnelle et est supprim\u00e9 lorsque tu fermes ton navigateur. Lorsque tu te connectes, nous configurerons \u00e9galement plusieurs cookies pour sauvegarder tes informations de connexion et tes choix d&rsquo;affichage d&rsquo;\u00e9cran. Les cookies de connexion durent deux jours, et les cookies d&rsquo;options d&rsquo;\u00e9cran durent un an. Si tu s\u00e9lectionnes \u00ab Se souvenir de moi \u00bb, ta connexion persistera pendant deux semaines. Si tu te d\u00e9connectes de ton compte, les cookies de connexion seront supprim\u00e9s. Si tu modifies ou publies un article, un cookie suppl\u00e9mentaire sera sauvegard\u00e9 dans ton navigateur. Ce cookie n&rsquo;inclut aucune donn\u00e9e personnelle et indique simplement l&rsquo;ID de l&rsquo;article que tu viens de modifier. Il expire apr\u00e8s 1 jour. Contenu int\u00e9gr\u00e9 d&rsquo;autres sites web Les articles sur ce site peuvent inclure du contenu int\u00e9gr\u00e9 (par exemple des vid\u00e9os, images, articles, etc.). Le contenu int\u00e9gr\u00e9 d&rsquo;autres sites web se comporte exactement de la m\u00eame mani\u00e8re que si le visiteur avait visit\u00e9 l&rsquo;autre site web. Ces sites web peuvent collecter des donn\u00e9es sur toi, utiliser des cookies, int\u00e9grer un suivi tiers suppl\u00e9mentaire, et surveiller ton interaction avec ce contenu int\u00e9gr\u00e9, y compris le suivi de ton interaction avec le contenu int\u00e9gr\u00e9 si tu as un compte et es connect\u00e9 \u00e0 ce site web. Avec qui nous partageons tes donn\u00e9es Si tu demandes une r\u00e9initialisation de mot de passe, ton adresse IP sera incluse dans l&rsquo;e-mail de r\u00e9initialisation. Combien de temps nous conservons tes donn\u00e9es Si tu laisses un commentaire, le commentaire et ses m\u00e9tadonn\u00e9es sont conserv\u00e9s ind\u00e9finiment. C&rsquo;est pour que nous puissions reconna\u00eetre et approuver automatiquement tous les commentaires de suivi au lieu de les maintenir dans une file d&rsquo;attente de mod\u00e9ration. Pour les utilisateurs qui s&rsquo;inscrivent sur notre site web (le cas \u00e9ch\u00e9ant), nous stockons \u00e9galement les informations personnelles qu&rsquo;ils fournissent dans leur profil utilisateur. Tous les utilisateurs peuvent voir, modifier ou supprimer leurs informations personnelles \u00e0 tout moment (sauf qu&rsquo;ils ne peuvent pas changer leur nom d&rsquo;utilisateur). Les administrateurs du site web peuvent \u00e9galement voir et modifier ces informations. Quels droits tu as sur tes donn\u00e9es Si tu as un compte sur ce site, ou as laiss\u00e9 des commentaires, tu peux demander \u00e0 recevoir un fichier export\u00e9 des donn\u00e9es personnelles que nous d\u00e9tenons sur toi, y compris toutes les donn\u00e9es que tu nous as fournies. Tu peux \u00e9galement demander que nous effacions toutes les donn\u00e9es personnelles que nous d\u00e9tenons sur toi. Cela n&rsquo;inclut pas les donn\u00e9es que nous sommes oblig\u00e9s de conserver \u00e0 des fins administratives, l\u00e9gales ou de s\u00e9curit\u00e9. O\u00f9 tes donn\u00e9es sont envoy\u00e9es Les commentaires des visiteurs peuvent \u00eatre v\u00e9rifi\u00e9s par un service automatis\u00e9 de d\u00e9tection de spam.<\/p>\n","protected":false},"author":1,"featured_media":0,"parent":0,"menu_order":0,"comment_status":"closed","ping_status":"open","template":"","meta":{"footnotes":""},"class_list":["post-1977","page","type-page","status-publish","hentry"],"aioseo_notices":[],"_links":{"self":[{"href":"https:\/\/www.belgibo.it\/fr\/wp-json\/wp\/v2\/pages\/1977","targetHints":{"allow":["GET"]}}],"collection":[{"href":"https:\/\/www.belgibo.it\/fr\/wp-json\/wp\/v2\/pages"}],"about":[{"href":"https:\/\/www.belgibo.it\/fr\/wp-json\/wp\/v2\/types\/page"}],"author":[{"embeddable":true,"href":"https:\/\/www.belgibo.it\/fr\/wp-json\/wp\/v2\/users\/1"}],"replies":[{"embeddable":true,"href":"https:\/\/www.belgibo.it\/fr\/wp-json\/wp\/v2\/comments?post=1977"}],"version-history":[{"count":1,"href":"https:\/\/www.belgibo.it\/fr\/wp-json\/wp\/v2\/pages\/1977\/revisions"}],"predecessor-version":[{"id":1978,"href":"https:\/\/www.belgibo.it\/fr\/wp-json\/wp\/v2\/pages\/1977\/revisions\/1978"}],"wp:attachment":[{"href":"https:\/\/www.belgibo.it\/fr\/wp-json\/wp\/v2\/media?parent=1977"}],"curies":[{"name":"wp","href":"https:\/\/api.w.org\/{rel}","templated":true}]}}